{"id":4689,"date":"2025-09-24T08:18:13","date_gmt":"2025-09-24T08:18:13","guid":{"rendered":"https:\/\/aluminium.taklergroup.com\/cookies-policy\/"},"modified":"2025-09-25T09:42:29","modified_gmt":"2025-09-25T09:42:29","slug":"cookies-policy","status":"publish","type":"page","link":"https:\/\/aluminium.taklergroup.com\/de\/cookies-policy\/","title":{"rendered":"Cookie-Richtlinie"},"content":{"rendered":"\t\t<div data-elementor-type=\"wp-page\" data-elementor-id=\"4689\" class=\"elementor elementor-4689 elementor-4672\" data-elementor-post-type=\"page\">\n\t\t\t\t<div class=\"elementor-element elementor-element-da02f7e e-con-full e-flex e-con e-parent\" data-id=\"da02f7e\" data-element_type=\"container\" data-settings=\"{&quot;background_background&quot;:&quot;classic&quot;}\">\n\t\t\t\t<\/div>\n\t\t<div class=\"elementor-element elementor-element-a4df243 e-flex e-con-boxed e-con e-parent\" data-id=\"a4df243\" data-element_type=\"container\">\n\t\t\t\t\t<div class=\"e-con-inner\">\n\t\t\t\t<div class=\"elementor-element elementor-element-a0dddec elementor-widget elementor-widget-text-editor\" data-id=\"a0dddec\" data-element_type=\"widget\" data-widget_type=\"text-editor.default\">\n\t\t\t\t<div class=\"elementor-widget-container\">\n\t\t\t\t\t\t\t\t\t<div class=\"main_default_landing legal\">\n<div class=\"wrap_default\">\n<h4>ALLGEMEINE INFORMATIONEN \u00dcBER COOKIES UND ANDERE TRACKING-TECHNOLOGIEN<\/h4>\n<p class=\"p3\">Die Website verwendet in einigen Bereichen Cookies. Cookies sind Dateien, die Informationen auf der Festplatte oder im Browser speichern. Sie erm\u00f6glichen es der Website zu \u00fcberpr\u00fcfen, ob der Benutzer\/Besucher die Website bereits besucht hat, eventuelle Anpassungen zu laden und einige statistische Daten zu sammeln (meistbesuchte Seiten, Besuchszeiten usw.). Mit diesen Daten k\u00f6nnen wir die Website besser an Ihre Bed\u00fcrfnisse anpassen und die Navigation erleichtern. Zum Beispiel erlauben uns Cookies sicherzustellen, dass die auf der Website angezeigten Informationen bei zuk\u00fcnftigen Besuchen Ihren Pr\u00e4ferenzen entsprechen.<\/p>\n<p class=\"p3\">Es ist m\u00f6glich, den Browser so zu konfigurieren, dass er alle Cookies akzeptiert, alle Cookies ablehnt oder warnt, wenn ein Cookie gespeichert wurde. Jeder Browser ist anders, daher empfehlen wir, die \u201eHilfe\u201c- oder \u201eSupport\u201c-Sektion des genutzten Browsers zu konsultieren, um zu verstehen, wie man die Cookie-Einstellungen \u00e4ndern kann. In Microsoft Internet Explorer k\u00f6nnen Sie beispielsweise Cookies deaktivieren oder l\u00f6schen, indem Sie \u201eExtras\/Internetoptionen\u201c ausw\u00e4hlen und die Datenschutzeinstellungen \u00e4ndern oder \u201eCookies l\u00f6schen\u201c ausw\u00e4hlen. Bitte beachten Sie, dass die Website so entwickelt wurde, dass sie Cookies verwendet, und dass eine Deinstallation deren korrektes Funktionieren beeintr\u00e4chtigen kann.<\/p>\n<p class=\"p3\">Die Website verwendet au\u00dferdem Cookies von externen Websites und\/oder externen Datenanbietern, die in den entsprechenden Abschnitten dieser Richtlinie angegeben sind.<\/p>\n<p class=\"p3\">Diese Website und die mit der Nutzung und\/oder Registrierung auf dieser Website generierten Mitteilungen, wie z. B. Werbe-E-Mails, k\u00f6nnen elektronische Bilder enthalten, die als \u201eClear Gifs\u201c oder \u201eWeb Beacons\u201c bezeichnet werden. Diese Bilder funktionieren in der Regel in Verbindung mit Cookies, und wir k\u00f6nnen sie f\u00fcr folgende Zwecke verwenden (nicht abschlie\u00dfend):<\/p>\n<ol>\n<li>Z\u00e4hlen der Anzahl der Besuche auf der Website;<\/li>\n<li>\u00dcberpr\u00fcfen, ob ein Benutzer \u00fcber eine E-Mail oder \u00fcber einen Link gehandelt hat;<\/li>\n<li>Feststellen, wie erfolgreich eine bestimmte E-Mail-Kampagne war;<\/li>\n<li>Bestimmen bestimmter Interessensniveaus f\u00fcr bestimmte Abschnitte oder Aspekte der Website oder f\u00fcr bestimmte Produkte und Dienstleistungen, die darauf verf\u00fcgbar sind;<\/li>\n<li>Sch\u00e4tzen der Ergebnisse, die Werbung auf den Verkauf von Produkten oder Dienstleistungen haben kann;<\/li>\n<li>Verstehen, wie beliebt ein Produkt oder eine Dienstleistung ist, und den Grad der Ver\u00e4nderung des Interesses zwischen den verschiedenen Produkten und Dienstleistungen des Unternehmens feststellen.<\/li>\n<\/ol>\n<h4>ALLGEMEINE INFORMATIONEN UND REGELN ZUR EINWILLIGUNG IN DIE VERWENDUNG VON COOKIES<\/h4>\n<p class=\"p3\">Auf unserer Website werden Informationen gesammelt, die sich auf den Benutzer, seine Pr\u00e4ferenzen oder das Internetzugangsger\u00e4t (Computer, Tablet oder Mobiltelefon) beziehen k\u00f6nnen und haupts\u00e4chlich verwendet werden, um die Funktionalit\u00e4t der Website an die Erwartungen des Benutzers anzupassen, ein besseres Navigationserlebnis zu bieten und personalisierte Werbenachrichten zu senden.<br \/>\nDie Datei (Cookie) speichert einige Informationen, die die Website beim sp\u00e4teren Besuch lesen kann und die f\u00fcr das korrekte Funktionieren der Website und zur Verbesserung der Benutzerfreundlichkeit erforderlich sein k\u00f6nnen. Mit Hilfe von Cookies kann zum Beispiel festgestellt werden, ob bereits eine Verbindung zwischen dem Computer und der Website hergestellt wurde, ob Texte automatisch in der Sprache des Benutzers geladen werden usw.<\/p>\n<p class=\"p3\">Nachfolgend erfahren Sie mehr \u00fcber die verschiedenen Arten von Cookies, die verwendet werden. Unbeschadet des Vorstehenden verwenden wir f\u00fcr unsere Websites und andere Online-Dienste die folgenden Kategorien von Cookies:<\/p>\n<p class=\"title\">Welche Arten von Cookies gibt es?<\/p>\n<ol>\n<li><span class=\"bolder\">Technische Cookies (oder unbedingt erforderlich):<\/span> notwendig f\u00fcr das korrekte Funktionieren der Website, dienen dazu, die Navigation zu erm\u00f6glichen oder eine vom Benutzer angeforderte Dienstleistung bereitzustellen. Sie werden nicht f\u00fcr andere Zwecke verwendet und in der Regel direkt vom Betreiber der Website installiert, z. B. um die Sprache festzulegen, in der die Inhalte der Website angezeigt werden. Sie entsprechen Art. 122 des Kodex, der vorsieht: \u201edie \u00dcbertragung einer Mitteilung \u00fcber ein elektronisches Kommunikationsnetz durchzuf\u00fchren oder in dem Umfang, der unbedingt erforderlich ist, damit der Anbieter eines ausdr\u00fccklich vom Teilnehmer oder Benutzer angeforderten Dienstes diesen Dienst erbringen kann\u201c (vgl. Art. 122, Absatz 1, des Kodex).<\/li>\n<li><span class=\"bolder\">Statistische Cookies (Analytics):<\/span> erm\u00f6glichen es zu erfahren, wie Besucher die Website nutzen, um deren Funktionsweise zu bewerten und zu verbessern und die Erstellung von Inhalten zu bevorzugen, die den Bed\u00fcrfnissen der Benutzer besser entsprechen. Analyse-Cookies k\u00f6nnen uns beispielsweise helfen, nachzuverfolgen, welche Seiten h\u00e4ufig besucht werden, welche Pr\u00e4ferenzen der Benutzer hat, welche Produkte bereits angesehen wurden, um eine erneute Anzeige zu vermeiden, ob die auf der Website ver\u00f6ffentlichte Werbung wirksam ist oder nicht und ob und welche Schwierigkeiten der Benutzer bei der Nutzung der Website hat.<br \/>\nZur Analyse der Nutzung der Websites verwendet die Website auch den Webanalysedienst \u201eGoogle Analytics\u201c, der von Google bereitgestellt wird (<a href=\"https:\/\/www.google.com\/intl\/de_de\/analytics\/learn\/privacy.html\" target=\"_blank\" rel=\"noopener nofollow\">https:\/\/www.google.com\/intl\/de_de\/analytics\/learn\/privacy.html<\/a>). Weiter unten wird ausdr\u00fccklich erkl\u00e4rt, wie Google Analytics deaktiviert werden kann.<\/li>\n<li><span class=\"bolder\">Profilierungs-Cookies (nicht von taklergroup.com verwendet):<\/span> erm\u00f6glichen es, dem Benutzer Anzeigen zu pr\u00e4sentieren, die auf ihn und seine Interessen zugeschnitten sind. Sie werden auch verwendet, um die Anzahl der Anzeigenwiederholungen zu begrenzen und die Wirksamkeit von Werbekampagnen zu bewerten. Sie entsprechen Art. 122 des Kodex, der vorsieht: \u201eDas Speichern von Informationen im Endger\u00e4t eines Teilnehmers oder Benutzers oder der Zugriff auf bereits gespeicherte Informationen ist nur gestattet, wenn der Teilnehmer oder Benutzer nach einer vereinfachten Information seine Einwilligung erteilt hat.\u201c (Art. 122, Absatz 1, des Kodex).<\/li>\n<li><span class=\"bolder\">Cookies von Drittanbietern und Social-Media-Cookies (nicht von taklergroup.com verwendet):<\/span> werden ohne Kontrolle des Betreibers von Dritten (z. B. Facebook, Google Maps, YouTube, LinkedIn usw.) bereitgestellt, die den Benutzer auch au\u00dferhalb der Website des Datenverantwortlichen w\u00e4hrend seiner Navigation verfolgen k\u00f6nnen. Diese Cookies, in der Regel Profilierungs-Cookies, werden nicht direkt vom Betreiber kontrolliert, sodass er keine Garantie f\u00fcr die Verwendung der von Dritten gesammelten Informationen \u00fcbernehmen kann.<br \/>\nDrittanbieter-Cookies unterliegen nicht unserer direkten Kontrolle. F\u00fcr weitere Informationen \u00fcber die Verwendung von Cookies durch Dritte empfehlen wir den Besuch der Website des jeweiligen Drittanbieters. Nachfolgend finden Sie die Webadressen mit den jeweiligen Richtlinien und Verwaltungsm\u00f6glichkeiten f\u00fcr Cookies Dritter:<\/li>\n<\/ol>\n<ol>\n<li><span class=\"bolder\">Facebook:<\/span>\n<ol>\n<li>Richtlinie: <a href=\"https:\/\/www.facebook.com\/help\/cookies\/\" target=\"_blank\" rel=\"noopener nofollow\">https:\/\/www.facebook.com\/help\/cookies\/<\/a><\/li>\n<li>Einstellungen: Zugriff auf das eigene Konto, Bereich \u201eDatenschutz\u201c<\/li>\n<\/ol>\n<\/li>\n<li><span class=\"bolder\">Twitter:<\/span>\n<ol>\n<li>Richtlinie: <a href=\"https:\/\/support.twitter.com\/articles\/20170514\" target=\"_blank\" rel=\"noopener nofollow\">https:\/\/support.twitter.com\/articles\/20170514<\/a><\/li>\n<li>Einstellungen: <a href=\"https:\/\/twitter.com\/settings\/security\" target=\"_blank\" rel=\"noopener nofollow\">https:\/\/twitter.com\/settings\/security<\/a><\/li>\n<\/ol>\n<\/li>\n<li><span class=\"bolder\">LinkedIn:<\/span>\n<ol>\n<li>Richtlinie: <a href=\"https:\/\/www.linkedin.com\/legal\/cookie-policy\" target=\"_blank\" rel=\"noopener nofollow\">https:\/\/www.linkedin.com\/legal\/cookie-policy<\/a><\/li>\n<li>Einstellungen: <a href=\"https:\/\/www.linkedin.com\/settings\/\" target=\"_blank\" rel=\"noopener nofollow\">https:\/\/www.linkedin.com\/settings\/<\/a><\/li>\n<\/ol>\n<\/li>\n<li><span class=\"bolder\">YouTube:<\/span>\n<ol>\n<li><a href=\"http:\/\/www.google.com\/policies\/privacy\/\" target=\"_blank\" rel=\"noopener nofollow\">http:\/\/www.google.com\/policies\/privacy\/<\/a><\/li>\n<\/ol>\n<\/li>\n<li><span class=\"bolder\">DoubleClick:<\/span>\n<ol>\n<li>Richtlinie: <a href=\"http:\/\/www.google.com\/doubleclick\/index.html\" target=\"_blank\" rel=\"noopener nofollow\">http:\/\/www.google.com\/doubleclick\/index.html<\/a><\/li>\n<li>Einstellungen: <a href=\"http:\/\/www.google.com\/policies\/privacy\/ads\/\" target=\"_blank\" rel=\"noopener nofollow\">http:\/\/www.google.com\/policies\/privacy\/ads\/<\/a><\/li>\n<\/ol>\n<\/li>\n<li><span class=\"bolder\">Criteo:<\/span>\n<ol>\n<li><a href=\"http:\/\/www.criteo.com\/en\/privacy-policy\" target=\"_blank\" rel=\"noopener nofollow\">http:\/\/www.criteo.com\/en\/privacy-policy<\/a><\/li>\n<\/ol>\n<\/li>\n<li><span class=\"bolder\">77Agency:<\/span>\n<ol>\n<li><a href=\"http:\/\/www.77agency.com\/privacy-policy\" target=\"_blank\" rel=\"noopener nofollow\">http:\/\/www.77agency.com\/privacy-policy<\/a><\/li>\n<\/ol>\n<\/li>\n<li><span class=\"bolder\">BlueKnow:<\/span>\n<ol>\n<li><a href=\"http:\/\/www.blueknow.com\/it\/politica-dei-cookies\" target=\"_blank\" rel=\"noopener nofollow\">http:\/\/www.blueknow.com\/it\/politica-dei-cookies<\/a><\/li>\n<\/ol>\n<\/li>\n<li><span class=\"bolder\">Oracle:<\/span>\n<ol>\n<li><a href=\"https:\/\/www.oracle.com\/legal\/privacy\/index.html\" target=\"_blank\" rel=\"noopener nofollow\">https:\/\/www.oracle.com\/legal\/privacy\/index.html<\/a><\/li>\n<\/ol>\n<\/li>\n<li><span class=\"bolder\">Hotjar:<\/span>\n<ol>\n<li><a href=\"https:\/\/www.hotjar.com\/privacy\" target=\"_blank\" rel=\"noopener nofollow\">https:\/\/www.hotjar.com\/privacy<\/a><\/li>\n<\/ol>\n<\/li>\n<li><span class=\"bolder\">Formisimo:<\/span>\n<ol>\n<li><a href=\"http:\/\/www.formisimo.com\/privacy-policy\" target=\"_blank\" rel=\"noopener nofollow\">http:\/\/www.formisimo.com\/privacy-policy<\/a><\/li>\n<\/ol>\n<\/li>\n<\/ol>\n<h4>Verzicht auf Cookies<\/h4>\n<p class=\"p3\">Der Verantwortliche informiert, dass Takler Srl keine Cookies zur Nutzerprofilierung verwendet, jedoch Drittanbieterdienste nutzt, die wiederum Profiling-Cookies einsetzen. Der Nutzer kann jederzeit die Annahme aller oder bestimmter Cookies auf dieser Website ablehnen:<\/p>\n<p>Sie k\u00f6nnen bestimmte Cookies vermeiden, indem Sie die Einstellungen Ihres Browsers konfigurieren oder den Teil, der Cookies verwaltet und kontrolliert, direkt deaktivieren. Jeder Browser hat spezifische Konfigurationsanweisungen. Weitere Informationen zu den Verfahren zum Deaktivieren von Cookies finden Sie auf der Website des Browseranbieters:<\/p>\n<ol>\n<li><a href=\"https:\/\/support.google.com\/chrome\/answer\/95647?hl=it\" target=\"_blank\" rel=\"noopener nofollow\">Google Chrome<\/a><\/li>\n<li><a href=\"http:\/\/support.mozilla.org\/it\/kb\/Attivare%20e%20disattivare%20i%20cookie\" target=\"_blank\" rel=\"noopener nofollow\">Mozilla Firefox<\/a><\/li>\n<li><a href=\"http:\/\/windows.microsoft.com\/it-it\/windows7\/block-enable-or-allow-cookies\" target=\"_blank\" rel=\"noopener nofollow\">Microsoft Internet Explorer<\/a><\/li>\n<li><a href=\"http:\/\/support.apple.com\/kb\/PH5049\" target=\"_blank\" rel=\"noopener nofollow\">Apple Safari<\/a><\/li>\n<\/ol>\n<p class=\"p3\">Detaillierte Informationen zum Vorgehen finden Sie im Browser-Handbuch. F\u00fcr einen \u00dcberblick \u00fcber die g\u00e4ngigsten Browser besuchen Sie: <a href=\"https:\/\/aluminium.taklergroup.com\/www.cookiepedia.co.uk\" target=\"_blank\" rel=\"noopener nofollow\">www.cookiepedia.co.uk<\/a> oder <a href=\"https:\/\/aluminium.taklergroup.com\/www.aboutcookies.org\" target=\"_blank\" rel=\"noopener nofollow\">www.aboutcookies.org<\/a><\/p>\n<p>&nbsp;<\/p>\n<p class=\"p3\">Die g\u00e4ngigsten Browser erm\u00f6glichen es, ausschlie\u00dflich Drittanbieter-Cookies zu blockieren und nur die eigenen Cookies der Website zu akzeptieren. Einige Unternehmen, die Cookies auf Drittanbieter-Websites generieren, bieten au\u00dferdem die M\u00f6glichkeit, ihre Cookies einfach und sofort zu deaktivieren bzw. zu blockieren, auch wenn diese anonym sind, d.\u202fh. keine personenbezogenen Daten wie IP-Adressen erfassen.<\/p>\n<p>&nbsp;<\/p>\n<p class=\"p3\">Werbeunternehmen erm\u00f6glichen zudem, den Empfang zielgerichteter Werbung abzulehnen, falls gew\u00fcnscht. Dies verhindert nicht das Setzen von Cookies, unterbricht jedoch die Nutzung und Sammlung bestimmter Daten durch diese Unternehmen. Entscheidet sich der Nutzer, die Nutzung von Profiling-Cookies zu deaktivieren, werden keine weiteren Cookies gespeichert, w\u00e4hrend zuvor auf dem Ger\u00e4t installierte Cookies weiterhin genutzt werden k\u00f6nnen. Weitere Details:<\/p>\n<p>&nbsp;<\/p>\n<ol>\n<li><span class=\"bolder\">Verwaltung von Google Analytics<\/span>\n<p class=\"p3\">Um ausschlie\u00dflich die Nutzung von Google Analytics-Cookies zu deaktivieren, kann der Nutzer das von Google bereitgestellte Add-On unter folgendem Link verwenden und dem Opt-out-Verfahren von Google folgen: <a href=\"https:\/\/tools.google.com\/dlpage\/gaoptout?hl=it\" target=\"_blank\" rel=\"noopener nofollow\">https:\/\/tools.google.com\/dlpage\/gaoptout?hl=it<\/a>. Weitere Informationen zum Google Analytics-Dienst und zu den Verfahren zum Deaktivieren von Cookies finden Sie unter folgenden Links:<\/p>\n<ol>\n<li><a href=\"http:\/\/www.google.com\/intl\/en\/analytics\/privacyoverview.html\" target=\"_blank\" rel=\"noopener nofollow\">http:\/\/www.google.com\/intl\/en\/analytics\/privacyoverview.html<\/a><\/li>\n<li><a href=\"https:\/\/developers.google.com\/analytics\/devguides\/collection\/analyticsjs\/cookie-usage\" target=\"_blank\" rel=\"noopener nofollow\">https:\/\/developers.google.com\/analytics\/devguides\/collection\/analyticsjs\/cookie-usage<\/a><\/li>\n<\/ol>\n<\/li>\n<li><span class=\"bolder\">Verwaltung von Targeting- und Werbe-Cookies von Drittanbietern<\/span>\n<p class=\"p3\">F\u00fcr weitere Informationen und\/oder zum Deaktivieren von Targeting- und Werbe-Cookies besuchen Sie bitte die folgende Website: <a href=\"http:\/\/www.youronlinechoices.com\/it\" target=\"_blank\" rel=\"noopener nofollow\">http:\/\/www.youronlinechoices.com\/it<\/a><\/p>\n<\/li>\n<\/ol>\n<p class=\"title\">Fingerprinting-Technologien<\/p>\n<p class=\"p3\">Um zu verhindern, dass Daten \u00fcber Fingerprinting-Techniken gesammelt werden, empfehlen wir entweder anonymes Surfen (jeder Browser oder Internetprogramm bietet diese Option) oder die Installation eines speziellen Plugins, wie z.\u202fB. Privacy Badger, eine Browser-Erweiterung, die verhindert, dass Werbetreibende und andere Tracking-Software von Drittanbietern Ihre Online-Aktivit\u00e4ten verfolgen. Bitte beachten Sie, dass die Installation solcher Plugins die Nutzererfahrung beeintr\u00e4chtigen kann.<\/p>\n<p class=\"title\">Weitere Informationen<\/p>\n<p class=\"p3\">Wir hoffen, dass wir die Verwendung von Cookies auf dieser Website klar beschrieben haben, sodass Sie feststellen k\u00f6nnen, welche Cookies Sie als sicherer oder weniger sicher in Bezug auf die Nutzung unserer Website erachten. Sollten Sie dennoch weitere Informationen ben\u00f6tigen, k\u00f6nnen Sie uns \u00fcber eine unserer bevorzugten Kontaktm\u00f6glichkeiten erreichen.<\/p>\n<p>&nbsp;<\/p>\n<p class=\"p3\">Ungeachtet des Vorstehenden bleibt festzuhalten, dass einige Teile unserer Website auch ohne Cookies nutzbar sind, w\u00e4hrend bestimmte Dienste m\u00f6glicherweise nicht verf\u00fcgbar sind.<\/p>\n<p>&nbsp;<\/p>\n<p class=\"p3\">F\u00fcr alle weiteren Informationen zum Thema \u201eCookies\u201c verweisen wir auf den folgenden Link: <a href=\"http:\/\/www.garanteprivacy.it\/cookie\" target=\"_blank\" rel=\"noopener nofollow\">http:\/\/www.garanteprivacy.it\/cookie<\/a><\/p>\n<\/div>\n<p><\/div>\n\t\t\t\t\t\t\t\t<\/div>\n\t\t\t\t<\/div>\n\t\t\t\t\t<\/div>\n\t\t\t\t<\/div>\n\t\t\t\t<\/div>\n\t\t","protected":false},"excerpt":{"rendered":"<p>ALLGEMEINE INFORMATIONEN \u00dcBER COOKIES UND ANDERE TRACKING-TECHNOLOGIEN Die Website verwendet in einigen Bereichen Cookies. Cookies sind Dateien, die Informationen auf der Festplatte oder im Browser speichern. Sie erm\u00f6glichen es der Website zu \u00fcberpr\u00fcfen, ob der Benutzer\/Besucher die Website bereits besucht hat, eventuelle Anpassungen zu laden und einige statistische Daten zu sammeln (meistbesuchte Seiten, Besuchszeiten usw.). [&hellip;]<\/p>\n","protected":false},"author":1,"featured_media":0,"parent":0,"menu_order":0,"comment_status":"closed","ping_status":"closed","template":"","meta":{"_acf_changed":false,"footnotes":""},"class_list":["post-4689","page","type-page","status-publish","hentry"],"acf":[],"_links":{"self":[{"href":"https:\/\/aluminium.taklergroup.com\/de\/wp-json\/wp\/v2\/pages\/4689","targetHints":{"allow":["GET"]}}],"collection":[{"href":"https:\/\/aluminium.taklergroup.com\/de\/wp-json\/wp\/v2\/pages"}],"about":[{"href":"https:\/\/aluminium.taklergroup.com\/de\/wp-json\/wp\/v2\/types\/page"}],"author":[{"embeddable":true,"href":"https:\/\/aluminium.taklergroup.com\/de\/wp-json\/wp\/v2\/users\/1"}],"replies":[{"embeddable":true,"href":"https:\/\/aluminium.taklergroup.com\/de\/wp-json\/wp\/v2\/comments?post=4689"}],"version-history":[{"count":7,"href":"https:\/\/aluminium.taklergroup.com\/de\/wp-json\/wp\/v2\/pages\/4689\/revisions"}],"predecessor-version":[{"id":4869,"href":"https:\/\/aluminium.taklergroup.com\/de\/wp-json\/wp\/v2\/pages\/4689\/revisions\/4869"}],"wp:attachment":[{"href":"https:\/\/aluminium.taklergroup.com\/de\/wp-json\/wp\/v2\/media?parent=4689"}],"curies":[{"name":"wp","href":"https:\/\/api.w.org\/{rel}","templated":true}]}}