{"id":6703,"date":"2025-06-16T08:52:55","date_gmt":"2025-06-16T08:52:55","guid":{"rendered":"https:\/\/aluminium.taklergroup.com\/qui-nous-sommes\/"},"modified":"2026-02-10T15:42:02","modified_gmt":"2026-02-10T15:42:02","slug":"qui-nous-sommes","status":"publish","type":"page","link":"https:\/\/aluminium.taklergroup.com\/fr\/qui-nous-sommes\/","title":{"rendered":"Qui nous sommes"},"content":{"rendered":"\t\t<div data-elementor-type=\"wp-page\" data-elementor-id=\"6703\" class=\"elementor elementor-6703 elementor-1328\" data-elementor-post-type=\"page\">\n\t\t\t\t<div class=\"elementor-element elementor-element-58605b4 e-con-full e-flex e-con e-parent\" data-id=\"58605b4\" data-element_type=\"container\" data-settings=\"{&quot;background_background&quot;:&quot;classic&quot;}\">\n\t\t\t\t<div class=\"elementor-element elementor-element-3957108 titolo elementor-invisible elementor-widget elementor-widget-heading\" data-id=\"3957108\" data-element_type=\"widget\" data-settings=\"{&quot;_animation&quot;:&quot;fadeIn&quot;,&quot;_animation_delay&quot;:200}\" data-widget_type=\"heading.default\">\n\t\t\t\t<div class=\"elementor-widget-container\">\n\t\t\t\t\t<h2 class=\"elementor-heading-title elementor-size-default\"><span class=\"highlight5\">Notre <\/span><b>UNIVERSES<\/b><\/h2>\t\t\t\t<\/div>\n\t\t\t\t<\/div>\n\t\t\t\t<\/div>\n\t\t<div class=\"elementor-element elementor-element-164c386 e-flex e-con-boxed e-con e-parent\" data-id=\"164c386\" data-element_type=\"container\">\n\t\t\t\t\t<div class=\"e-con-inner\">\n\t\t<div class=\"elementor-element elementor-element-966c92e e-con-full e-flex e-con e-child\" data-id=\"966c92e\" data-element_type=\"container\">\n\t\t\t\t<div class=\"elementor-element elementor-element-084671d elementor-widget elementor-widget-heading\" data-id=\"084671d\" data-element_type=\"widget\" data-widget_type=\"heading.default\">\n\t\t\t\t<div class=\"elementor-widget-container\">\n\t\t\t\t\t<h2 class=\"elementor-heading-title elementor-size-default\">QUI NOUS SOMMES<\/h2>\t\t\t\t<\/div>\n\t\t\t\t<\/div>\n\t\t\t\t<div class=\"elementor-element elementor-element-29952fe elementor-widget__width-initial elementor-widget-tablet__width-inherit titolo elementor-widget elementor-widget-heading\" data-id=\"29952fe\" data-element_type=\"widget\" data-widget_type=\"heading.default\">\n\t\t\t\t<div class=\"elementor-widget-container\">\n\t\t\t\t\t<h2 class=\"elementor-heading-title elementor-size-default\"><b style=\"color:#48A100\">Experts <\/b>dans l\u2019<b style=\"color:#48A100\">extrusion <\/b><br>de <b style=\"color:#48A100\">profil\u00e9s <\/b>en aluminium<br>haute <b style=\"color:#48A100;font-style:normal\" class=\"line\">performance.<\/b><\/h2>\t\t\t\t<\/div>\n\t\t\t\t<\/div>\n\t\t\t\t<div class=\"elementor-element elementor-element-4d4c114 elementor-widget elementor-widget-text-editor\" data-id=\"4d4c114\" data-element_type=\"widget\" data-widget_type=\"text-editor.default\">\n\t\t\t\t<div class=\"elementor-widget-container\">\n\t\t\t\t\t\t\t\t\t<p>Au c\u0153ur de la Basilicate, notre site de production de Matera est le point de rencontre entre innovation industrielle et expertise technique. C\u2019est ici que la passion pour la transformation de l\u2019aluminium prend forme : un mat\u00e9riau l\u00e9ger, polyvalent et enti\u00e8rement recyclable que nous travaillons gr\u00e2ce \u00e0 des technologies avanc\u00e9es et des comp\u00e9tences multidisciplinaires pour donner vie \u00e0 des profils techniques sur mesure, performants et durables.<\/p>\n<p>Nous nous distinguons par notre flexibilit\u00e9 de production, notre approche conseil et notre capacit\u00e9 de co-conception avec le client. Nous offrons bien plus que de simples profil\u00e9s : nous fournissons un service complet d\u2019extrusion de l\u2019aluminium, de la conception \u00e0 la livraison, en construisant des solutions \u00e0 forte valeur ajout\u00e9e parfaitement int\u00e9gr\u00e9es aux syst\u00e8mes de nos partenaires industriels.<\/p>\n<p>Chez Takler Aluminium Extrusion, nous croyons en la valeur de la qualit\u00e9, de la collaboration et de l\u2019innovation continue. Chaque jour, nous travaillons pour d\u00e9velopper des solutions en aluminium fiables et durables, contribuant activement \u00e0 une industrie plus responsable et tourn\u00e9e vers l\u2019avenir.<\/p>\n\t\t\t\t\t\t\t\t<\/div>\n\t\t\t\t<\/div>\n\t\t\t\t<div class=\"elementor-element elementor-element-cc369ae elementor-widget__width-initial elementor-widget elementor-widget-heading\" data-id=\"cc369ae\" data-element_type=\"widget\" data-widget_type=\"heading.default\">\n\t\t\t\t<div class=\"elementor-widget-container\">\n\t\t\t\t\t<h2 class=\"elementor-heading-title elementor-size-default\">Takler aluminium extrusion est une reference dans l\u2019extrusion de profiles en aluminium, synonyme d\u2019innovation, de precision et de qualite depuis toujours.<\/h2>\t\t\t\t<\/div>\n\t\t\t\t<\/div>\n\t\t\t\t<div class=\"elementor-element elementor-element-8cb91f5 elementor-widget__width-initial elementor-widget elementor-widget-image\" data-id=\"8cb91f5\" data-element_type=\"widget\" data-widget_type=\"image.default\">\n\t\t\t\t<div class=\"elementor-widget-container\">\n\t\t\t\t\t\t\t\t\t\t\t\t\t\t\t<img decoding=\"async\" width=\"100\" height=\"100\" src=\"https:\/\/aluminium.taklergroup.com\/wp-content\/uploads\/2025\/09\/longarrow.svg\" class=\"attachment-large size-large wp-image-5470\" alt=\"\" \/>\t\t\t\t\t\t\t\t\t\t\t\t\t\t\t<\/div>\n\t\t\t\t<\/div>\n\t\t\t\t<\/div>\n\t\t<div class=\"elementor-element elementor-element-51b19da e-con-full e-flex e-con e-child\" data-id=\"51b19da\" data-element_type=\"container\">\n\t\t<div class=\"elementor-element elementor-element-43ba546 e-con-full e-flex e-con e-child\" data-id=\"43ba546\" data-element_type=\"container\">\n\t\t\t\t<div class=\"elementor-element elementor-element-9318248 elementor-widget elementor-widget-image\" data-id=\"9318248\" data-element_type=\"widget\" data-widget_type=\"image.default\">\n\t\t\t\t<div class=\"elementor-widget-container\">\n\t\t\t\t\t\t\t\t\t\t\t\t\t\t\t<img fetchpriority=\"high\" decoding=\"async\" width=\"714\" height=\"854\" src=\"https:\/\/aluminium.taklergroup.com\/wp-content\/uploads\/2026\/01\/desktop_banner-chi-siamo_714x854px.webp\" class=\"attachment-full size-full wp-image-8024\" alt=\"\" srcset=\"https:\/\/aluminium.taklergroup.com\/wp-content\/uploads\/2026\/01\/desktop_banner-chi-siamo_714x854px.webp 714w, https:\/\/aluminium.taklergroup.com\/wp-content\/uploads\/2026\/01\/desktop_banner-chi-siamo_714x854px-251x300.webp 251w\" sizes=\"(max-width: 714px) 100vw, 714px\" \/>\t\t\t\t\t\t\t\t\t\t\t\t\t\t\t<\/div>\n\t\t\t\t<\/div>\n\t\t\t\t<\/div>\n\t\t\t\t<\/div>\n\t\t\t\t\t<\/div>\n\t\t\t\t<\/div>\n\t\t<div class=\"elementor-element elementor-element-55b22e8 e-flex e-con-boxed e-con e-parent\" data-id=\"55b22e8\" data-element_type=\"container\">\n\t\t\t\t\t<div class=\"e-con-inner\">\n\t\t<div class=\"elementor-element elementor-element-e3d4e96 e-con-full e-flex e-con e-child\" data-id=\"e3d4e96\" data-element_type=\"container\">\n\t\t\t\t<\/div>\n\t\t<a class=\"elementor-element elementor-element-4dc9ddf e-con-full e-flex e-con e-child\" data-id=\"4dc9ddf\" data-element_type=\"container\" href=\"https:\/\/aluminium.taklergroup.com\/it\/impianto-di-estrusione\/\">\n\t\t<div class=\"elementor-element elementor-element-0b11e8b e-con-full e-flex e-con e-child\" data-id=\"0b11e8b\" data-element_type=\"container\">\n\t\t<div class=\"elementor-element elementor-element-f22cc37 e-con-full e-flex e-con e-child\" data-id=\"f22cc37\" data-element_type=\"container\">\n\t\t\t\t<div class=\"elementor-element elementor-element-da052ba elementor-widget elementor-widget-heading\" data-id=\"da052ba\" data-element_type=\"widget\" data-widget_type=\"heading.default\">\n\t\t\t\t<div class=\"elementor-widget-container\">\n\t\t\t\t\t<h2 class=\"elementor-heading-title elementor-size-default\">Atelier<\/h2>\t\t\t\t<\/div>\n\t\t\t\t<\/div>\n\t\t\t\t<div class=\"elementor-element elementor-element-f6aeb1e elementor-widget elementor-widget-heading\" data-id=\"f6aeb1e\" data-element_type=\"widget\" data-widget_type=\"heading.default\">\n\t\t\t\t<div class=\"elementor-widget-container\">\n\t\t\t\t\t<h2 class=\"elementor-heading-title elementor-size-default\">D'EXTRUSION<\/h2>\t\t\t\t<\/div>\n\t\t\t\t<\/div>\n\t\t\t\t<\/div>\n\t\t<div class=\"elementor-element elementor-element-8241bce e-con-full e-flex e-con e-child\" data-id=\"8241bce\" data-element_type=\"container\">\n\t\t\t\t<div class=\"elementor-element elementor-element-a550072 elementor-view-default elementor-widget elementor-widget-icon\" data-id=\"a550072\" data-element_type=\"widget\" data-widget_type=\"icon.default\">\n\t\t\t\t<div class=\"elementor-widget-container\">\n\t\t\t\t\t\t\t<div class=\"elementor-icon-wrapper\">\n\t\t\t<div class=\"elementor-icon\">\n\t\t\t<svg xmlns=\"http:\/\/www.w3.org\/2000\/svg\" xmlns:xlink=\"http:\/\/www.w3.org\/1999\/xlink\" xmlns:serif=\"http:\/\/www.serif.com\/\" width=\"100%\" height=\"100%\" viewBox=\"0 0 77 138\" xml:space=\"preserve\" style=\"fill-rule:evenodd;clip-rule:evenodd;stroke-linejoin:round;stroke-miterlimit:2;\">    <g transform=\"matrix(1,0,0,1,-3582.06,-4278.7)\">        <g transform=\"matrix(2,0,0,2,3582.06,4411.4)\">            <path d=\"M0,-64.13L34.14,-33.25L0.79,0.1L2.91,2.22L38.49,-33.36L2.02,-66.35L0,-64.13\" style=\"fill:rgb(75,169,71);fill-rule:nonzero;\"><\/path>        <\/g>    <\/g><\/svg>\t\t\t<\/div>\n\t\t<\/div>\n\t\t\t\t\t\t<\/div>\n\t\t\t\t<\/div>\n\t\t\t\t<\/div>\n\t\t\t\t<\/div>\n\t\t\t\t<\/a>\n\t\t\t\t\t<\/div>\n\t\t\t\t<\/div>\n\t\t\t\t<\/div>\n\t\t","protected":false},"excerpt":{"rendered":"<p>Notre UNIVERSES QUI NOUS SOMMES Experts dans l\u2019extrusion de profil\u00e9s en aluminiumhaute performance. Au c\u0153ur de la Basilicate, notre site de production de Matera est le point de rencontre entre innovation industrielle et expertise technique. C\u2019est ici que la passion pour la transformation de l\u2019aluminium prend forme : un mat\u00e9riau l\u00e9ger, polyvalent et enti\u00e8rement recyclable [&hellip;]<\/p>\n","protected":false},"author":1,"featured_media":0,"parent":0,"menu_order":0,"comment_status":"closed","ping_status":"closed","template":"","meta":{"_acf_changed":false,"footnotes":""},"class_list":["post-6703","page","type-page","status-publish","hentry"],"acf":[],"_links":{"self":[{"href":"https:\/\/aluminium.taklergroup.com\/fr\/wp-json\/wp\/v2\/pages\/6703","targetHints":{"allow":["GET"]}}],"collection":[{"href":"https:\/\/aluminium.taklergroup.com\/fr\/wp-json\/wp\/v2\/pages"}],"about":[{"href":"https:\/\/aluminium.taklergroup.com\/fr\/wp-json\/wp\/v2\/types\/page"}],"author":[{"embeddable":true,"href":"https:\/\/aluminium.taklergroup.com\/fr\/wp-json\/wp\/v2\/users\/1"}],"replies":[{"embeddable":true,"href":"https:\/\/aluminium.taklergroup.com\/fr\/wp-json\/wp\/v2\/comments?post=6703"}],"version-history":[{"count":3,"href":"https:\/\/aluminium.taklergroup.com\/fr\/wp-json\/wp\/v2\/pages\/6703\/revisions"}],"predecessor-version":[{"id":8025,"href":"https:\/\/aluminium.taklergroup.com\/fr\/wp-json\/wp\/v2\/pages\/6703\/revisions\/8025"}],"wp:attachment":[{"href":"https:\/\/aluminium.taklergroup.com\/fr\/wp-json\/wp\/v2\/media?parent=6703"}],"curies":[{"name":"wp","href":"https:\/\/api.w.org\/{rel}","templated":true}]}}