{"id":6894,"date":"2025-09-24T08:18:13","date_gmt":"2025-09-24T08:18:13","guid":{"rendered":"https:\/\/aluminium.taklergroup.com\/politique-en-matiere-de-cookies\/"},"modified":"2026-02-10T15:42:29","modified_gmt":"2026-02-10T15:42:29","slug":"politique-de-cookies","status":"publish","type":"page","link":"https:\/\/aluminium.taklergroup.com\/fr\/politique-de-cookies\/","title":{"rendered":"Politique de cookies"},"content":{"rendered":"\t\t<div data-elementor-type=\"wp-page\" data-elementor-id=\"6894\" class=\"elementor elementor-6894 elementor-4672\" data-elementor-post-type=\"page\">\n\t\t\t\t<div class=\"elementor-element elementor-element-da02f7e e-con-full e-flex e-con e-parent\" data-id=\"da02f7e\" data-element_type=\"container\" data-settings=\"{&quot;background_background&quot;:&quot;classic&quot;}\">\n\t\t\t\t<\/div>\n\t\t<div class=\"elementor-element elementor-element-a4df243 e-flex e-con-boxed e-con e-parent\" data-id=\"a4df243\" data-element_type=\"container\">\n\t\t\t\t\t<div class=\"e-con-inner\">\n\t\t\t\t<div class=\"elementor-element elementor-element-a0dddec elementor-widget elementor-widget-text-editor\" data-id=\"a0dddec\" data-element_type=\"widget\" data-widget_type=\"text-editor.default\">\n\t\t\t\t<div class=\"elementor-widget-container\">\n\t\t\t\t\t\t\t\t\t<div class=\"main_default_landing legal\">\n<div class=\"wrap_default\">\n<h4>INFORMAZIONI GENERALI SUI COOKIE E ALTRE TECNOLOGIE DI MONITORAGGIO<\/h4>\n<p class=\"p3\">Il Sito fa uso di cookies in alcune delle sue aree. I cookies sono dei file che immagazzinano le informazioni sugli hard drive o sul browser. Essi permettono al Sito di controllare se l\u2019utente\/il visitatore ha gi\u00e0 visitato il Sito, di caricare eventuali personalizzazioni e raccogliere alcuni dati statistici (pagine pi\u00f9 visitate, tempi di visita, ecc.). Attraverso questi dati riusciamo a rendere il Sito pi\u00f9 aderente alle sue richieste e pi\u00f9 semplice la navigazione. Ad esempio, i cookies ci consentono di assicurarle che le informazioni presenti sul sito nelle sue future visite rispondano alle sue preferenze.<\/p>\n<p class=\"p3\">\u00c8 possibile configurare il browser per accettare tutti i cookie, rifiutare tutti i cookie, oppure avvertire quando un cookie \u00e8 stato memorizzato. Ogni browser \u00e8 diverso, pertanto si invita a consultare la sezione \u201caiuto\u201d o \u201cguida\u201d del browser che si utilizza, per comprendere come modificare le preferenze sui cookie. Ad esempio, in Microsoft Internet Explorer, si possono disabilitare o cancellare i cookie selezionando \u201cStrumenti\/Opzioni Internet\u201d e modificare le impostazioni privacy ovvero selezionando \u201ccancella cookie\u201d. Si noti comunque che il Sito \u00e8 stato strutturato per usare i cookie e ogni loro disinstallazione pu\u00f2 compromettere il corretto funzionamento del Sito.<\/p>\n<p>Il Sito fa altres\u00ec uso di cookies di siti esterni e\/o fornitori esterni di dati, indicati nelle relative sezioni della presente informativa.<\/p>\n<p>Questo sito e le comunicazioni generate con l\u2019uso e\/o la registrazione su questo sito, come e-mail promozionali, possono contenere immagini elettroniche dette \u201cclear gif\u201d o \u201cweb beacons\u201d. Tali immagini operano generalmente in connessione con i cookie, e possiamo utilizzarle al fine di (a titolo di esempio non esaustivo):<\/p>\n<ol>\n<li>Contare il numero di visite del Sito;<\/li>\n<li>Controllare se un utente ha operato attraverso e-mail o attraverso un link;<\/li>\n<li>Verificare quanto successo abbia avuto una specifica campagna e-mail;<\/li>\n<li>Stabilire particolari livelli di interesse per particolari sezioni o aspetti del Sito o per particolari prodotti e servizi disponibili su di esso;<\/li>\n<li>Stimare i risultati che le pubblicit\u00e0 possono avere sulle vendite dei prodotti o servizi;<\/li>\n<li>Capire quanto sia popolare un prodotto o un servizio e il livello di variazione dell\u2019interesse tra i particolari prodotti e i servizi della Societ\u00e0.<\/li>\n<\/ol>\n<h4>INFORMAZIONI GENERALI E NORME RELATIVE AL CONSENSO ALL\u2019USO DEI COOKIE<\/h4>\n<p class=\"p3\">Nel nostro sito vengono raccolte informazioni che possono riguardare l&rsquo;utente, le sue preferenze, o il dispositivo di accesso a Internet (computer, tablet o cellulare) e vengono utilizzate principalmente per adeguare il funzionamento del sito alle aspettative dell&rsquo;utente, offrendo una migliore esperienza di navigazione e per inviare messaggi promozionali personalizzati.<br \/>Il file (cookie) memorizza alcune informazioni, che il sito \u00e8 in grado di leggere nel momento in cui viene consultato in un secondo momento, e che possono risultare necessarie per il corretto funzionamento del sito e per migliorarne l\u2019usabilit\u00e0. Mediante i cookie, per esempio, \u00e8 possibile determinare se \u00e8 gi\u00e0 stata effettuata una connessione fra il computer e il sito, per caricare i testi automaticamente nella lingua dell\u2019utente, ecc.<\/p>\n<p class=\"p3\">Di seguito \u00e8 possibile saperne di pi\u00f9 sui vari tipi di cookies utilizzati, fermo quanto precede, per i nostri siti web e altri servizi on line utilizziamo le seguenti categorie di cookies:<\/p>\n<p class=\"title\">Quali tipi di cookie esistono<\/p>\n<ol>\n<li><span class=\"bolder\">Cookies tecnici (o indispensabili):<\/span>\u00a0necessari al corretto funzionamento del sito, servono a effettuare la navigazione o a fornire un servizio richiesto dall&rsquo;utente, non vengono utilizzati per scopi ulteriori e sono di norma installati direttamente dal titolare del sito web, ad esempio per la lingua in cui mostrare i contenuti sul sito. Ad essi si riferisce l\u2019art. 122 del Codice laddove prevede: \u201ceffettuare la trasmissione di una comunicazione su una rete di comunicazione elettronica, o nella misura strettamente necessaria al fornitore di un servizio della societ\u00e0 dell\u2019informazione esplicitamente richiesto dal contraente o dall\u2019utente a erogare tale servizio\u201d (cfr. art. 122, comma 1, del Codice).<\/li>\n<li><span class=\"bolder\">Cookies statistici (analytics):<\/span>\u00a0permettono di sapere in che modo i visitatori utilizzano il sito, per poterne cos\u00ec valutare e migliorare il funzionamento e privilegiare la produzione di contenuti che meglio incontrano le richieste degli utenti. Ad esempio, i cookies di analisi possono aiutarci a tener traccia di quali sono le pagine visitate frequentemente, quali sono le preferenze dell&rsquo;utente, quali prodotti sono gi\u00e0 stati visualizzati per evitare che vengano riproposti, se la pubblicit\u00e0 che viene pubblicata sul sito web \u00e8 efficace o meno, se e quali difficolt\u00e0 l&rsquo;utente incontra nell&rsquo;utilizzo del sito. Al fine di analizzare le modalit\u00e0 di utilizzo dei siti web, il sito si avvale anche del servizio di analisi web \u00ab\u00a0Google Analytics\u00a0\u00bb fornito da Google (https:\/\/www.google.com\/intl\/it_it\/analytics\/learn\/privacy.html). Pi\u00f9 avanti sar\u00e0 indicato espressamente come disabilitare Google analytics.<\/li>\n<li><span class=\"bolder\">Cookies di profilazione (non utilizzati da taklergroup.com):<\/span>\u00a0consentono di offrire annunci relativi all\u2019utente e ai rispettivi interessi. Vengono inoltre utilizzati per limitare il numero di visualizzazioni di un medesimo annuncio e per valutare l\u2019efficacia delle campagne pubblicitarie. Ad essi si riferisce l\u2019art. 122 del Codice laddove prevede che \u201cL&rsquo;archiviazione delle informazioni nell&rsquo;apparecchio terminale di un contraente o di un utente o l&rsquo;accesso a informazioni gi\u00e0 archiviate sono consentiti unicamente a condizione che il contraente o l&rsquo;utente abbia espresso il proprio consenso dopo essere stato informato con modalit\u00e0 semplificate.\u201d (art. 122, comma 1, del Codice).<\/li>\n<li><span class=\"bolder\">Cookies di terze parti e social media cookie (non utilizzati da taklergroup.com):<\/span>\u00a0sono veicolati senza il controllo del titolare, da soggetti terzi (esempio: Facebook, Google Maps, YouTube, Linkedin, ecc) che hanno modo di intercettare l\u2019utente durante la sua navigazione anche al di fuori del sito del Titolare del trattamento. Questi cookies, tipicamente di profilazione, non sono direttamente controllabili dal titolare che non pu\u00f2 quindi garantire in merito all\u2019uso che terzi titolari fanno delle informazioni raccolte. I cookies di terze parti non sono sotto il nostro diretto controllo e, pertanto, per ulteriori informazioni su come la terza parte utilizza i cookies, si consiglia di visitare il sito web della terza parte di cui qui di seguito si riportano gli indirizzi web ove presenti le diverse informative e modalit\u00e0 di gestione dei cookies terze parti:\n<ol>\n<li><span class=\"bolder\">Facebook:<\/span>\n<ol>\n<li>Informativa:\u00a0<a href=\"https:\/\/www.facebook.com\/help\/cookies\/\" target=\"_blank\" rel=\"noopener nofollow\">https:\/\/www.facebook.com\/help\/cookies\/<\/a><\/li>\n<li>Configurazioni: accedere al proprio account, sezione privacy<\/li>\n<\/ol>\n<\/li>\n<li><span class=\"bolder\">Twitter:<\/span>\n<ol>\n<li>Informativa:\u00a0<a href=\"https:\/\/support.twitter.com\/articles\/20170514\" target=\"_blank\" rel=\"noopener nofollow\">https:\/\/support.twitter.com\/articles\/20170514<\/a><\/li>\n<li>Configurazioni:\u00a0<a href=\"https:\/\/twitter.com\/settings\/security\" target=\"_blank\" rel=\"noopener nofollow\">https:\/\/twitter.com\/settings\/security<\/a><\/li>\n<\/ol>\n<\/li>\n<li><span class=\"bolder\">LinkedIn:<\/span>\n<ol>\n<li>Informativa:\u00a0<a href=\"https:\/\/www.linkedin.com\/legal\/cookie-policy\" target=\"_blank\" rel=\"noopener nofollow\">https:\/\/www.linkedin.com\/legal\/cookie-policy<\/a><\/li>\n<li>Configurazioni:\u00a0<a href=\"https:\/\/www.linkedin.com\/settings\/\" target=\"_blank\" rel=\"noopener nofollow\">https:\/\/www.linkedin.com\/settings\/<\/a><\/li>\n<\/ol>\n<\/li>\n<li><span class=\"bolder\">YouTube:<\/span>\n<ol>\n<li><a href=\"http:\/\/www.google.com\/policies\/privacy\/\" target=\"_blank\" rel=\"noopener nofollow\">http:\/\/www.google.com\/policies\/privacy\/<\/a><\/li>\n<\/ol>\n<\/li>\n<li><span class=\"bolder\">DoubleClick:<\/span>\n<ol>\n<li>Informativa:\u00a0<a href=\"http:\/\/www.google.com\/doubleclick\/index.html\" target=\"_blank\" rel=\"noopener nofollow\">http:\/\/www.google.com\/doubleclick\/index.html<\/a><\/li>\n<li>Configurazioni:\u00a0<a href=\"http:\/\/www.google.com\/policies\/privacy\/ads\/\" target=\"_blank\" rel=\"noopener nofollow\">http:\/\/www.google.com\/policies\/privacy\/ads\/<\/a><\/li>\n<\/ol>\n<\/li>\n<li><span class=\"bolder\">Criteo:<\/span>\n<ol>\n<li><a href=\"http:\/\/www.criteo.com\/en\/privacy-policy\" target=\"_blank\" rel=\"noopener nofollow\">http:\/\/www.criteo.com\/en\/privacy-policy<\/a><\/li>\n<\/ol>\n<\/li>\n<li><span class=\"bolder\">77Agency:<\/span>\n<ol>\n<li><a href=\"http:\/\/www.77agency.com\/privacy-policy\" target=\"_blank\" rel=\"noopener nofollow\">http:\/\/www.77agency.com\/privacy-policy<\/a><\/li>\n<\/ol>\n<\/li>\n<li><span class=\"bolder\">BlueKnow:<\/span>\n<ol>\n<li><a href=\"http:\/\/www.blueknow.com\/it\/politica-dei-cookies\" target=\"_blank\" rel=\"noopener nofollow\">http:\/\/www.blueknow.com\/it\/politica-dei-cookies<\/a><\/li>\n<\/ol>\n<\/li>\n<li><span class=\"bolder\">Oracle:<\/span>\n<ol>\n<li><a href=\"https:\/\/www.oracle.com\/legal\/privacy\/index.html\" target=\"_blank\" rel=\"noopener nofollow\">https:\/\/www.oracle.com\/legal\/privacy\/index.html<\/a><\/li>\n<\/ol>\n<\/li>\n<li><span class=\"bolder\">Hotjar:<\/span>\n<ol>\n<li><a href=\"https:\/\/www.hotjar.com\/privacy\" target=\"_blank\" rel=\"noopener nofollow\">https:\/\/www.hotjar.com\/privacy<\/a><\/li>\n<\/ol>\n<\/li>\n<li><span class=\"bolder\">Formisimo:<\/span>\n<ol>\n<li><a href=\"http:\/\/www.formisimo.com\/privacy-policy\" target=\"_blank\" rel=\"noopener nofollow\">http:\/\/www.formisimo.com\/privacy-policy<\/a><\/li>\n<\/ol>\n<\/li>\n<\/ol>\n<\/li>\n<\/ol>\n<h4>Rinuncia ai cookies<\/h4>\n<p class=\"p3\">Il Titolare informa che Takler Srl non utilizza alcun tipo di cookie atto alla profilazione dell\u2019utenza, usa servizi di terze parti che a loro volta impiegano cookies di profilazione. In ogni momento, l&rsquo;utente pu\u00f2 rifiutare di accettare tutti o alcuni dei cookies utilizzati su questo sito web nelle seguenti modalit\u00e0:<\/p>\n<p>Potete evitare determinati cookie configurando le impostazioni del vostro browser o disattivando direttamente la parte che gestisce e controlla i cookie. Ogni browser ha specifiche istruzioni di configurazione. Ulteriori informazioni in merito alle procedure da seguire per disabilitare i cookies possono essere trovate sul sito internet del fornitore del browser:<\/p>\n<ol>\n<li><a href=\"https:\/\/support.google.com\/chrome\/answer\/95647?hl=it\" target=\"_blank\" rel=\"noopener nofollow\">Google Chrome<\/a><\/li>\n<li><a href=\"http:\/\/support.mozilla.org\/it\/kb\/Attivare%20e%20disattivare%20i%20cookie\" target=\"_blank\" rel=\"noopener nofollow\">Mozilla Firefox<\/a><\/li>\n<li><a href=\"http:\/\/windows.microsoft.com\/it-it\/windows7\/block-enable-or-allow-cookies\" target=\"_blank\" rel=\"noopener nofollow\">Microsoft Internet Explorer<\/a><\/li>\n<li><a href=\"http:\/\/support.apple.com\/kb\/PH5049\" target=\"_blank\" rel=\"noopener nofollow\">Apple Safari<\/a><\/li>\n<\/ol>\n<p class=\"p3\">Per informazioni dettagliate sulla procedura necessaria \u00e8 possibile consultare la guida del browser. Per una panoramica dei browser pi\u00f9 comuni, visitare l&rsquo;indirizzo:\u00a0<a href=\"https:\/\/aluminium.taklergroup.com\/www.cookiepedia.co.uk\" target=\"_blank\" rel=\"noopener nofollow\">www.cookiepedia.co.uk<\/a>\u00a0oppure\u00a0<a href=\"https:\/\/aluminium.taklergroup.com\/www.aboutcookies.org\" target=\"_blank\" rel=\"noopener nofollow\">www.aboutcookies.org<\/a><\/p>\n<p><\/p>\n<p class=\"p3\">I Browser pi\u00f9 diffusi prevedono la possibilit\u00e0 di bloccare esclusivamente i Cookies di terze parti, accettando solo quelli propri del sito. Inoltre, alcune societ\u00e0 che generano Cookies su siti terzi offrono la possibilit\u00e0 di disattivare e\/o inibire in modo semplice ed immediato solo i propri Cookies, anche quando questi sono anonimi ovvero non comportano la registrazione di dati personali identificativi quali, ad esempio, gli indirizzi IP.<\/p>\n<p><\/p>\n<p class=\"p3\">Le societ\u00e0 pubblicitarie consentono inoltre di rinunciare alla ricezione di annunci mirati, se lo si desidera. Ci\u00f2 non impedisce l&rsquo;impostazione dei cookie, ma interrompe l&rsquo;utilizzo e la raccolta di alcuni dati da parte di tali societ\u00e0. L&rsquo;eventuale scelta dell&rsquo;utente di disabilitare l&rsquo;uso dei cookies di profilazione impedir\u00e0 la successiva memorizzare di ulteriori cookies, mentre i cookies precedentemente installati sul dispositivo dell&rsquo;utente potrebbero continuare ad essere utilizzati sul dispositivo dell&rsquo;utente. Per maggiori dettagli:<\/p>\n<p><\/p>\n<ol>\n<li><span class=\"bolder\">Gestione di Google Analytics<\/span>\n<p class=\"p3\">Per disabilitare soltanto l&rsquo;uso dei cookies di Google Analytics l&rsquo;utente pu\u00f2 utilizzare il componente aggiuntivo messo a disposizione da Google al seguente collegamento seguendo la procedura di opt-out indicata da Google\u00a0<a href=\"https:\/\/tools.google.com\/dlpage\/gaoptout?hl=it\" target=\"_blank\" rel=\"noopener nofollow\">https:\/\/tools.google.com\/dlpage\/gaoptout?hl=it<\/a>\u00a0Ulteriori informazioni in merito al servizio Google Analytics e alle procedure da seguire per disabilitare i cookies possono essere trovate ai seguenti collegamenti:<\/p>\n<ol>\n<li><a href=\"http:\/\/www.google.com\/intl\/en\/analytics\/privacyoverview.html\" target=\"_blank\" rel=\"noopener nofollow\">http:\/\/www.google.com\/intl\/en\/analytics\/privacyoverview.html<\/a><\/li>\n<li><a href=\"https:\/\/developers.google.com\/analytics\/devguides\/collection\/analyticsjs\/cookie-usage\" target=\"_blank\" rel=\"noopener nofollow\">https:\/\/developers.google.com\/analytics\/devguides\/collection\/analyticsjs\/cookie-usage<\/a><\/li>\n<\/ol>\n<\/li>\n<li><span class=\"bolder\">Gestione cookies di Targeting ed Advertising di terze parti<\/span>\n<p class=\"p3\">Per maggiori informazioni e\/o per disabilitare i cookies di Targeting ed Advertising, l&rsquo;utente \u00e8 invece pregato di visitare il seguente sito web:\u00a0<a href=\"http:\/\/www.youronlinechoices.com\/it\" target=\"_blank\" rel=\"noopener nofollow\">http:\/\/www.youronlinechoices.com\/it<\/a><\/p>\n<\/li>\n<\/ol>\n<p class=\"title\">Tecnologie fingerprinting<\/p>\n<p class=\"p3\">Per evitare che vengano raccolti dati tramite le tecniche del fingerprinting, suggeriamo o la navigazione anonima (ogni browser, programma per navigare su internet, offre questa possibilit\u00e0), o di installare un plug-in ad hoc, tra i tanti, ad esempio, suggeriamo privacy badger, un\u2019estensione del browser che impedisce agli inserzionisti e ad altri software di tracciamento di terze parti, di tracciare le vostre attivit\u00e0 online; si informa altres\u00ec che l\u2019installazione di questo tipo di plug-in pu\u00f2 incidere sull\u2019esperienza di navigazione<\/p>\n<p class=\"title\">Maggiori informazioni<\/p>\n<p class=\"p3\">Speriamo di aver descritto con chiarezza l&rsquo;uso dei cookie su questo sito per consentirvi di stabilire se ci sono cookie che voi ritenete pi\u00f9 o meno sicuri in relazione all&rsquo;utilizzo che fate del nostro sito. Tuttavia, se siete ancora alla ricerca di maggiori informazioni, allora potete contattarci attraverso uno dei nostri metodi di contatto preferiti.<\/p>\n<p><\/p>\n<p class=\"p3\">Fermo restando quanto sopra, si rileva che disabilitando i cookies sar\u00e0 ancora possibile utilizzare alcune parti del nostro sito web, ma alcuni servizi potrebbero non essere utilizzabili.<\/p>\n<p><\/p>\n<p class=\"p3\">Per qualsiasi esigenza di approfondimento sul tema dei c.d. \u201ccookies\u201d si rimanda al seguente link:\u00a0<a href=\"http:\/\/www.garanteprivacy.it\/cookie\" target=\"_blank\" rel=\"noopener nofollow\">http:\/\/www.garanteprivacy.it\/cookie<\/a><\/p>\n<\/div>\n<\/div>\n\t\t\t\t\t\t\t\t<\/div>\n\t\t\t\t<\/div>\n\t\t\t\t\t<\/div>\n\t\t\t\t<\/div>\n\t\t\t\t<\/div>\n\t\t","protected":false},"excerpt":{"rendered":"<p>INFORMAZIONI GENERALI SUI COOKIE E ALTRE TECNOLOGIE DI MONITORAGGIO Il Sito fa uso di cookies in alcune delle sue aree. I cookies sono dei file che immagazzinano le informazioni sugli hard drive o sul browser. Essi permettono al Sito di controllare se l\u2019utente\/il visitatore ha gi\u00e0 visitato il Sito, di caricare eventuali personalizzazioni e raccogliere [&hellip;]<\/p>\n","protected":false},"author":1,"featured_media":0,"parent":0,"menu_order":0,"comment_status":"closed","ping_status":"closed","template":"","meta":{"_acf_changed":false,"footnotes":""},"class_list":["post-6894","page","type-page","status-publish","hentry"],"acf":[],"_links":{"self":[{"href":"https:\/\/aluminium.taklergroup.com\/fr\/wp-json\/wp\/v2\/pages\/6894","targetHints":{"allow":["GET"]}}],"collection":[{"href":"https:\/\/aluminium.taklergroup.com\/fr\/wp-json\/wp\/v2\/pages"}],"about":[{"href":"https:\/\/aluminium.taklergroup.com\/fr\/wp-json\/wp\/v2\/types\/page"}],"author":[{"embeddable":true,"href":"https:\/\/aluminium.taklergroup.com\/fr\/wp-json\/wp\/v2\/users\/1"}],"replies":[{"embeddable":true,"href":"https:\/\/aluminium.taklergroup.com\/fr\/wp-json\/wp\/v2\/comments?post=6894"}],"version-history":[{"count":5,"href":"https:\/\/aluminium.taklergroup.com\/fr\/wp-json\/wp\/v2\/pages\/6894\/revisions"}],"predecessor-version":[{"id":8499,"href":"https:\/\/aluminium.taklergroup.com\/fr\/wp-json\/wp\/v2\/pages\/6894\/revisions\/8499"}],"wp:attachment":[{"href":"https:\/\/aluminium.taklergroup.com\/fr\/wp-json\/wp\/v2\/media?parent=6894"}],"curies":[{"name":"wp","href":"https:\/\/api.w.org\/{rel}","templated":true}]}}